{"id":153,"date":"2023-11-06T17:58:31","date_gmt":"2023-11-06T16:58:31","guid":{"rendered":"http:\/\/www.ussardiconductor.com\/index.php\/contact-us\/"},"modified":"2024-05-05T21:02:19","modified_gmt":"2024-05-05T19:02:19","slug":"contact-us","status":"publish","type":"page","link":"https:\/\/www.ussardiconductor.com\/index.php\/contact-us\/","title":{"rendered":"Repertoire"},"content":{"rendered":"\t\t<div data-elementor-type=\"wp-page\" data-elementor-id=\"153\" class=\"elementor elementor-153\">\n\t\t\t\t\t\t\t<div class=\"elementor-element elementor-element-579899a5 e-con-full e-flex e-con e-parent\" data-id=\"579899a5\" data-element_type=\"container\" data-settings=\"{&quot;content_width&quot;:&quot;full&quot;}\" data-core-v316-plus=\"true\">\n\t\t<div class=\"elementor-element elementor-element-6cc7aead e-con-full e-flex e-con e-child\" data-id=\"6cc7aead\" data-element_type=\"container\" data-settings=\"{&quot;content_width&quot;:&quot;full&quot;}\">\n\t\t\t\t<div class=\"elementor-element elementor-element-76b87efe elementor-widget elementor-widget-heading\" data-id=\"76b87efe\" data-element_type=\"widget\" data-widget_type=\"heading.default\">\n\t\t\t\t<div class=\"elementor-widget-container\">\n\t\t\t<style>\/*! elementor - v3.16.0 - 20-09-2023 *\/\n.elementor-heading-title{padding:0;margin:0;line-height:1}.elementor-widget-heading .elementor-heading-title[class*=elementor-size-]>a{color:inherit;font-size:inherit;line-height:inherit}.elementor-widget-heading .elementor-heading-title.elementor-size-small{font-size:15px}.elementor-widget-heading .elementor-heading-title.elementor-size-medium{font-size:19px}.elementor-widget-heading .elementor-heading-title.elementor-size-large{font-size:29px}.elementor-widget-heading .elementor-heading-title.elementor-size-xl{font-size:39px}.elementor-widget-heading .elementor-heading-title.elementor-size-xxl{font-size:59px}<\/style><span class=\"elementor-heading-title elementor-size-default\">Repertoire<\/span>\t\t<\/div>\n\t\t\t\t<\/div>\n\t\t<div class=\"elementor-element elementor-element-55bb79bc e-con-full e-flex e-con e-child\" data-id=\"55bb79bc\" data-element_type=\"container\" data-settings=\"{&quot;content_width&quot;:&quot;full&quot;}\">\n\t\t\t\t<div class=\"elementor-element elementor-element-c4e89ff elementor-widget elementor-widget-text-editor\" data-id=\"c4e89ff\" data-element_type=\"widget\" data-widget_type=\"text-editor.default\">\n\t\t\t\t<div class=\"elementor-widget-container\">\n\t\t\t<style>\/*! elementor - v3.16.0 - 20-09-2023 *\/\n.elementor-widget-text-editor.elementor-drop-cap-view-stacked .elementor-drop-cap{background-color:#69727d;color:#fff}.elementor-widget-text-editor.elementor-drop-cap-view-framed .elementor-drop-cap{color:#69727d;border:3px solid;background-color:transparent}.elementor-widget-text-editor:not(.elementor-drop-cap-view-default) .elementor-drop-cap{margin-top:8px}.elementor-widget-text-editor:not(.elementor-drop-cap-view-default) .elementor-drop-cap-letter{width:1em;height:1em}.elementor-widget-text-editor .elementor-drop-cap{float:left;text-align:center;line-height:1;font-size:50px}.elementor-widget-text-editor .elementor-drop-cap-letter{display:inline-block}<\/style>\t\t\t\t<h3><strong>Bach, Johann Sebastian<\/strong><\/h3><p><span style=\"font-weight: 400;\">Brandenburg Concertos 1-6<\/span><\/p><p><span style=\"font-weight: 400;\">Concerto, Violin &amp; Oboe<\/span><\/p><p><span style=\"font-weight: 400;\">Magnificat BWV 243 (s)<\/span><\/p><h3><strong>Beethoven, Ludwig van<\/strong><\/h3><p><span style=\"font-weight: 400;\">Aria &#8220;Ah, perfido&#8221;<\/span><\/p><p><span style=\"font-weight: 400;\">Concerto, Piano, No.3, No.4, No.5<\/span><\/p><p><span style=\"font-weight: 400;\">Concerto, Violin<\/span><\/p><p><span style=\"font-weight: 400;\">Coriolan Overture<\/span><\/p><p><span style=\"font-weight: 400;\">Egmont: Overture<\/span><\/p><p><span style=\"font-weight: 400;\">FIDELIO (s)<\/span><\/p><p><span style=\"font-weight: 400;\">Leonore Overture No.1, No.2, No.3<\/span><\/p><p><span style=\"font-weight: 400;\">Symphony No.1, op.21<\/span><\/p><p><span style=\"font-weight: 400;\">Symphony No.2, op.36<\/span><\/p><p><span style=\"font-weight: 400;\">Symphony No.3, op.55<\/span><\/p><p><span style=\"font-weight: 400;\">Symphony No.4, op.60<\/span><\/p><p><span style=\"font-weight: 400;\">Symphony No.5, op.67<\/span><\/p><p><span style=\"font-weight: 400;\">Symphony No.6, op.68<\/span><\/p><p><span style=\"font-weight: 400;\">Symphony No.7, op.92<\/span><\/p><p><span style=\"font-weight: 400;\">Symphony No.8, op.93<\/span><\/p><p><span style=\"font-weight: 400;\">Symphony No.9, op.125\u00a0<\/span><\/p><h3 class=\"p1\"><strong>Berg, Alban<\/strong><\/h3><p><span style=\"font-weight: 400;\">Three Pieces for Orchestra (s)<\/span><\/p><h3><strong>Bernstein, Leonard<\/strong><\/h3><p><span style=\"font-weight: 400;\">Candide Ouverture<\/span><\/p><p><span style=\"font-weight: 400;\">WEST SIDE STORY<\/span><\/p><h3 class=\"p1\"><strong>Bizet, Georges<\/strong><\/h3><p><span style=\"font-weight: 400;\">CARMEN<\/span><\/p><p><span style=\"font-weight: 400;\">Carmen suites 1-2\u00a0<\/span><\/p><h3><strong>Borodin, Alexander<\/strong><\/h3><p><span style=\"font-weight: 400;\">Prince Igor: Polovtsian Dances<\/span><\/p><h3><strong>Brahms, Johannes<\/strong><\/h3><p><span style=\"font-weight: 400;\">Concerto, Piano, No.1, No.2<\/span><\/p><p><span style=\"font-weight: 400;\">Concerto, Violin<\/span><\/p><p><span style=\"font-weight: 400;\">Double Concerto<\/span><\/p><p><span style=\"font-weight: 400;\">Ein deutsches Requiem (s)<\/span><\/p><p><span style=\"font-weight: 400;\">Haydn Variations<\/span><\/p><p><span style=\"font-weight: 400;\">Hungarian Dances<\/span><\/p><p><span style=\"font-weight: 400;\">Liebeslieder Waltzes<\/span><\/p><p><span style=\"font-weight: 400;\">Symphony No.1, op.68<\/span><\/p><p><span style=\"font-weight: 400;\">Symphony No.2, op.73<\/span><\/p><p><span style=\"font-weight: 400;\">Symphony No.3, op.90<\/span><\/p><p><span style=\"font-weight: 400;\">Symphony No.4, op.98<\/span><\/p><h3><strong>Britten, Benjamin<\/strong><\/h3><p class=\"p1\">Sinfonietta<\/p><h3><strong>Bruch, Max<\/strong><\/h3><p><span style=\"font-weight: 400;\">Concerto, Violin<\/span><\/p><p><span style=\"font-weight: 400;\">Kol Nidrei<\/span><\/p><h3><strong>Bruckner, Anton<\/strong><\/h3><p><span style=\"font-weight: 400;\">Symphony No.4, 7, 9<\/span><\/p><h3><strong>Chopin, Fryderyk Franciszek<\/strong><\/h3><p class=\"p1\"><span style=\"font-weight: 400;\">Concerto, Piano, No.1, No.2<\/span><\/p><h3><strong>Dallapiccola, Luigi<\/strong><\/h3><p dir=\"ltr\">Canti di prigionia<\/p><p dir=\"ltr\">Il Prigioniero (s)<\/p><h3 class=\"p1\"><strong>Debussy, Claude<\/strong><\/h3><p class=\"p1\">La mer<\/p><p class=\"p1\">Nocturnes<\/p><p class=\"p1\">Pr\u00e9lude \u00e0 &#8220;L&#8217;apr\u00e8s-midi d&#8217;un faune&#8221;<\/p><h3 class=\"p1\"><strong>Falla, Manuel de<\/strong><\/h3><p class=\"p1\">El Amor Brujo<\/p><h3 class=\"p1\"><strong>Donizetti, Gaetano<\/strong><\/h3><p class=\"p1\">DON PASQUALE<\/p><p class=\"p1\">ELISIR D&#8217;AMOR<\/p><p class=\"p1\">LA FILLE DU R\u00c9GIMENT<\/p><h3 class=\"p1\"><strong>Dvo\u0159\u00e1k, Anton\u00edn<\/strong><\/h3><p class=\"p1\">Concerto, Violoncello<br \/>Serenade, op.22, op. 44<br \/>Symphony No.8, op.88<br \/>Symphony No.9, op.95<\/p><h3 class=\"p1\"><strong>Elgar, Edward<\/strong><\/h3><p class=\"p1\">Concerto, Violoncello<\/p><p class=\"p1\">Enigma Variations<\/p><p class=\"p1\">Salut d&#8217;amour<\/p><p class=\"p1\">Serenade<\/p><h3 class=\"p1\"><strong>Franck, C\u00e9sar<\/strong><\/h3><p class=\"p1\">Symphonic Variations<\/p><h3 class=\"p1\"><strong>Gershwin, George<\/strong><\/h3><div><div class=\"im\"><div>An American in Paris<\/div><div>\u00a0<\/div><div>Rhapsody in Blue<\/div><div>\u00a0<\/div><\/div><\/div><div>Concerto in F<\/div><h3 class=\"p1\"><strong>Gounod, Charles<\/strong><\/h3><p class=\"p1\">Faust: Ballet Music<\/p><h3 class=\"p1\"><strong>Handel, George Frideric<\/strong><\/h3><p class=\"p1\">The Resurrection<\/p><h3 class=\"p1\"><strong>Haydn, Franz Joseph<\/strong><\/h3><div><div><div>Concerto, Violin &amp; Piano<\/div><div>\u00a0<\/div><div>Keyboard concerto in F Hob: VIII\/7<\/div><div>\u00a0<\/div><\/div><div>Symphonies n.45, \u00a0n.82 &#8211; 104\u00a0<\/div><div>\u00a0<\/div><\/div><h3 class=\"p1\"><strong>Hindemith, Paul<\/strong><\/h3><p class=\"p1\">Five Pieces for String Orchestra<\/p><h3 class=\"p1\"><strong>Jan\u00e1\u010dek, Leo\u0161<\/strong><\/h3><p class=\"p1\">Suite for strings<\/p><h3><strong>Leoncavallo, Ruggero<\/strong><\/h3><p class=\"p1\"><span style=\"font-weight: 400;\">PAGLIACCI<\/span><\/p><h3><strong>Ligeti, Gy\u00f6rgy<\/strong><\/h3><p><span style=\"font-weight: 400;\">Atmosph\u00e8res (s)<\/span><\/p><p><span style=\"font-weight: 400;\">Concerto, Violoncello (s)<\/span><\/p><p><span style=\"font-weight: 400;\">Double Concerto (s)<\/span><\/p><p><span style=\"font-weight: 400;\">Kammerkonzert (Chamber Concerto)<\/span><\/p><p><span style=\"font-weight: 400;\">Lontano<\/span><\/p><h3><strong>Liszt, Franz<\/strong><\/h3><p class=\"p1\"><span style=\"font-weight: 400;\">Concerto, No.1, No.2<\/span><\/p><h3><strong>Lutos\u0142awski, Witold<\/strong><\/h3><p><span style=\"font-weight: 400;\">Concerto, Violoncello (s)<\/span><\/p><p><span style=\"font-weight: 400;\">Symphony No.3 (s)<\/span><\/p><h3><strong>Maderna, Bruno<\/strong><\/h3><p><span style=\"font-weight: 400;\">Aura (s)<\/span><\/p><h3><strong>Mahler, Gustav<\/strong><\/h3><p><span style=\"font-weight: 400;\">Symphony No.1, No.2, No.3 (s) , No.4, No.5, No.6 (s), No.7(s), No.8 (s), No.9 (s)<\/span><\/p><p><span style=\"font-weight: 400;\">Symphony No.10 (Adagio)\u00a0<\/span><\/p><h3><strong>Mascagni, Pietro<\/strong><\/h3><p class=\"p1\"><span style=\"font-weight: 400;\">CAVALLERIA RUSTICANA (s)<\/span><\/p><h3 class=\"p1\"><strong>Mendelssohn, Felix<\/strong><\/h3><p><span style=\"font-weight: 400;\">Concerto, Violin<\/span><\/p><p><span style=\"font-weight: 400;\">The Hebrides<\/span><\/p><p><span style=\"font-weight: 400;\">Symphony No.1, op.11<\/span><\/p><p><span style=\"font-weight: 400;\">Symphony No.2, op.52a<\/span><\/p><p><span style=\"font-weight: 400;\">Symphony No.3, op.56<\/span><\/p><p><span style=\"font-weight: 400;\">Symphony No.4, op.90<\/span><\/p><p><span style=\"font-weight: 400;\">Symphony No.5, op.107, D major (Reformation)<\/span><\/p><h3><strong>Monteverdi, Claudio<\/strong><\/h3><p><span style=\"font-weight: 400;\">Combattimento di Tancredi e Clorinda<\/span><\/p><p><span style=\"font-weight: 400;\">ORFEO (s)<\/span><\/p><h3><strong>Mozart, Wolfgang Amadeus<\/strong><\/h3><p><span style=\"font-weight: 400;\">Concertos, Piano 23-27<\/span><\/p><p><span style=\"font-weight: 400;\">Concertos, Violin 1-5<\/span><\/p><p><span style=\"font-weight: 400;\">COS\u00cc FAN TUTTE<\/span><\/p><p><span style=\"font-weight: 400;\">DON GIOVANNI<\/span><\/p><p><span style=\"font-weight: 400;\">LE NOZZE DI FIGARO<\/span><\/p><p><span style=\"font-weight: 400;\">Requiem<\/span><\/p><p><span style=\"font-weight: 400;\">Symphonies 25-41<\/span><\/p><h3><strong>Mussorgsky, Modest<\/strong><\/h3><p><span style=\"font-weight: 400;\">KOVANCINA (s)<\/span><\/p><p><span style=\"font-weight: 400;\">Night on Bald Mountain<\/span><\/p><p><span style=\"font-weight: 400;\">Pictures at an Exhibition (arr. Ravel)<\/span><\/p><h3 class=\"p1\"><strong>Nielsen, Carl<\/strong><\/h3><p><span style=\"font-weight: 400;\">Symphony No.4, op.29 (s)<\/span><\/p><h3><strong>Offenbach, Jacques<\/strong><\/h3><p><span style=\"font-weight: 400;\">Orpheus in the Underworld, overture<\/span><\/p><p><span style=\"font-weight: 400;\">Tales of Hoffmann<\/span><\/p><h3><strong>Pergolesi, Giovanni Battista<\/strong><\/h3><p><span style=\"font-weight: 400;\">LA SERVA PADRONA<\/span><\/p><p><span style=\"font-weight: 400;\">Stabat Mater\u00a0<\/span><\/p><h3><strong>Piazzolla, Astor<\/strong><\/h3><p><span style=\"font-weight: 400;\">Fuga y Misterio <\/span><span style=\"font-weight: 400;\">(arr Ziegler)\u00a0<\/span><\/p><p><span style=\"font-weight: 400;\">Imagenes 676 <\/span><span style=\"font-weight: 400;\">(arr Ziegler)\u00a0<\/span><\/p><p><span style=\"font-weight: 400;\">Introduccion al Angel <\/span><span style=\"font-weight: 400;\">(arr Ziegler)\u00a0<\/span><\/p><p><span style=\"font-weight: 400;\">Las cuatro estaciones porte\u00f1as<\/span><\/p><p><span style=\"font-weight: 400;\">Libertango (arr Ziegler)\u00a0<\/span><\/p><p><span style=\"font-weight: 400;\">Oblivion <\/span><span style=\"font-weight: 400;\">(arr Ziegler)\u00a0<\/span><\/p><p><span style=\"font-weight: 400;\">Oto\u00f1o Porte\u00f1o A\u00f1os de Soledad<\/span><span style=\"font-weight: 400;\">(arr Ziegler)\u00a0<\/span><\/p><h3><strong>Poulenc, Francis<\/strong><\/h3><p class=\"p1\">Sinfonietta<\/p><h3><strong>Prokofiev, Serge<\/strong><\/h3><p><span style=\"font-weight: 400;\">Classical Symphony, op.25 (Symphony No.1)<\/span><\/p><p><span style=\"font-weight: 400;\">Concerto, Piano, No.3 (s)<\/span><\/p><p><span style=\"font-weight: 400;\">Concerto, Violin, No.1, No.2<\/span><\/p><p><span style=\"font-weight: 400;\">Peter and the Wolf<\/span><\/p><p><span style=\"font-weight: 400;\">Romeo and Juliet<\/span><\/p><p><span style=\"font-weight: 400;\">Scythian Suite (s)<\/span><\/p><p><span style=\"font-weight: 400;\">Symphony No.5, op.100 (s)<\/span><\/p><p><span style=\"font-weight: 400;\">The Love for Three Oranges (s)<\/span><\/p><h3><strong>Puccini, Giacomo<\/strong><\/h3><p><span style=\"font-weight: 400;\">GIANNI SCHICCHI<\/span><\/p><p><span style=\"font-weight: 400;\">IL TABARRO (s)<\/span><\/p><p><span style=\"font-weight: 400;\">LA BOH\u00c8ME<\/span><\/p><p><span style=\"font-weight: 400;\">MADAMA BUTTERFLY<\/span><\/p><p><span style=\"font-weight: 400;\">SUOR ANGELICA (s)<\/span><\/p><p><span style=\"font-weight: 400;\">TURANDOT<\/span><\/p><h3><strong>Rachmaninoff, Sergei<\/strong><\/h3><p><span style=\"font-weight: 400;\">Concerto, Piano, No.1, No.2, No.3, No.4<\/span><\/p><p><span style=\"font-weight: 400;\">Symphony No.2, op.27<\/span><\/p><h3><strong>Ravel, Maurice<\/strong><\/h3><p><span style=\"font-weight: 400;\">Concerto, G major<\/span><\/p><p><span style=\"font-weight: 400;\">La valse<\/span><\/p><p><span style=\"font-weight: 400;\">Ma M\u00e8re l&#8217;Oye<\/span><\/p><p><span style=\"font-weight: 400;\">Pavane pour une infante d\u00e9funte<\/span><\/p><p><span style=\"font-weight: 400;\">Valses nobles et sentimentales<\/span><\/p><h3><strong>Reich, Steve<\/strong><\/h3><p><span style=\"font-weight: 400;\">Drumming<\/span><\/p><p><span style=\"font-weight: 400;\">Tehillim<\/span><\/p><h3><strong>Respighi, Ottorino<\/strong><\/h3><p><span style=\"font-weight: 400;\">Antiche danze ed arie<\/span><\/p><p><span style=\"font-weight: 400;\">Fontane di Roma<\/span><\/p><p><span style=\"font-weight: 400;\">Pini di Roma<\/span><\/p><p><span style=\"font-weight: 400;\">Trittico Botticelliano<\/span><\/p><h3><strong>Rimsky-Korsakov, Nikolai<\/strong><\/h3><p><span style=\"font-weight: 400;\">Sheherazade<\/span><\/p><h3 class=\"p1\"><strong>Rossini, Gioachino<\/strong><\/h3><p>Guillaume Tell<\/p><p>IL BARBIERE DI SIVIGLIA<\/p><p>IL SIGNOR BRUSCHINO<\/p><p>L&#8217;ITALIANA IN ALGERI<\/p><p>LA CENERENTOLA<\/p><p>LA SCALA DI SETA<\/p><p>Petite messe solennelle<\/p><h3 class=\"p1\"><strong>Rota, Nino<\/strong><\/h3><p class=\"p1\">Il cappello di paglia<\/p><p class=\"p1\">La strada: Ballet Suite<\/p><p class=\"p1\">Nonetto<\/p><h3 class=\"p1\"><strong>Saint-Sa\u00ebns, Camille<\/strong><\/h3><div>Danse macabre<\/div><div>\u00a0<\/div><div>Le carnaval des animaux<\/div><h3 class=\"p1\"><strong>Schoenberg, Arnold<\/strong><\/h3><p class=\"p1\">Kammersymphonie<\/p><p class=\"p1\">Pierrot lunaire<\/p><p class=\"p1\">Verkl\u00e4rte Nacht<\/p><h3 class=\"p1\"><strong>Shostakovich, Dmitry<\/strong><\/h3><p class=\"p1\">Concerto, Violin<\/p><p class=\"p1\">Concerto, Violoncello No.1, No.2<\/p><p class=\"p1\">Suite for Jazz Orchestra<\/p><p class=\"p1\">Symphony No.5, No.7, No.9, No.10<\/p><h3 class=\"p1\"><strong>Schubert, Franz<\/strong><\/h3><p class=\"p1\">Symphony No.3, No.4, No.5<\/p><p class=\"p1\">Symphony, Unfinished<\/p><p class=\"p1\">The Great C major<\/p><h3 class=\"p1\"><strong>Schumann, Robert<\/strong><\/h3><p class=\"p1\">Concerto, Piano<\/p><p class=\"p1\">Concerto, Violoncello<\/p><p class=\"p1\">Symphony No.1, No.4<\/p><h3 class=\"p1\"><strong>Scriabin, Alexander<\/strong><\/h3><div>Prometheus<\/div><div>\u00a0<\/div><div>The Poem of Ecstasy<\/div><h3 class=\"p1\"><strong>Strauss, Johann<\/strong><\/h3><p class=\"p1\">An der sch\u00f6nen blauen Donau<\/p><p class=\"p1\">FLEDERMAUS<\/p><p class=\"p1\">Fr\u00fchlingsstimmen<\/p><p class=\"p1\">Kaiser-Walzer<\/p><p class=\"p1\">Pizzicato Polka<\/p><p class=\"p1\">Radetzy Marsch<\/p><p class=\"p1\">Zigeunerbaron<\/p><h3 class=\"p1\"><strong>Strauss, Richard<\/strong><\/h3><p class=\"p1\">Also sprach Zarathustra<\/p><p class=\"p1\">Don Juan<\/p><p class=\"p1\">Don Quixote<\/p><p class=\"p1\">Tod und Verkl\u00e4rung<\/p><h3 class=\"p1\"><strong>Stravinsky, Igor<\/strong><\/h3><p class=\"p1\">Danses concertantes<\/p><p class=\"p1\">Dumbarton Oaks<\/p><p class=\"p1\">Histoire du soldat<\/p><p class=\"p1\">Jeu de cartes<\/p><p class=\"p1\">Les Noces (s)<\/p><p class=\"p1\">Octet<\/p><p class=\"p1\">Oedipus rex (s)<\/p><p class=\"p1\">Petrushka<\/p><p class=\"p1\">Pulcinella<\/p><p class=\"p1\">The Firebird<\/p><p class=\"p1\">The rite of Spring<\/p><h3 class=\"p1\"><strong>Tchaikovsky, Piotr Ilyich<\/strong><\/h3><div>Capriccio italien<\/div><div>\u00a0<\/div><div>Manfred<\/div><div>\u00a0<\/div><div>Marche slave<\/div><div>\u00a0<\/div><div>Nutcracker<\/div><div>\u00a0<\/div><div>Sleeping Beauty<\/div><div>\u00a0<\/div><div>String Serenade op. 48<\/div><div>\u00a0<\/div><div>Swan Lake<\/div><div>\u00a0<\/div><div>Symphony No.1, No.6<\/div><h3 class=\"p1\"><strong>Verdi, Giuseppe<\/strong><\/h3><p class=\"p1\"><span class=\"im\">IL TROVATORE<\/span><\/p><p class=\"p1\"><span class=\"im\">LA TRAVIATA<\/span><\/p><p class=\"p1\"><span class=\"im\">NABUCCO<\/span><\/p><p class=\"p1\"><span class=\"im\">RIGOLETTO<\/span><\/p><p class=\"p1\">UN BALLO IN MASCHERA (s)<\/p><h3 class=\"p1\"><strong>Vivaldi, Antonio<\/strong><\/h3><p class=\"p1\">Concerto, Flute<\/p><p class=\"p1\">Dixit Dominus<\/p><p class=\"p1\">Double concerts<\/p><p class=\"p1\">Gloria<\/p><p class=\"p1\">L&#8217;Olimpiade<\/p><p class=\"p1\">Le Quattro Stagioni<\/p><p class=\"p1\">Magnificat<\/p><h3 class=\"p1\"><strong>Wagner, Richard<\/strong><\/h3><p class=\"p1\">Parsifal: Overture<\/p><p class=\"p1\">Siegfried Idyll<\/p><p class=\"p1\">Tannh\u00e4user: Overture<\/p><p class=\"p1\">Tristan und Isolde: Prelude &amp; Liebestod<\/p><h3 class=\"p1\"><strong>Webern, Anton<\/strong><\/h3><p class=\"p1\">F\u00fcnf S\u00e4tze for strings<\/p><p class=\"p1\">F\u00fcnf St\u00fccke<\/p><p class=\"p1\">Sechs St\u00fccke<\/p>\t\t\t\t\t\t<\/div>\n\t\t\t\t<\/div>\n\t\t\t\t<\/div>\n\t\t\t\t<\/div>\n\t\t\t\t<\/div>\n\t\t\t\t\t\t\t<\/div>\n\t\t","protected":false},"excerpt":{"rendered":"<p>Repertoire Bach, Johann Sebastian Brandenburg Concertos 1-6 Concerto, Violin &amp; Oboe Magnificat BWV 243 (s) Beethoven, Ludwig van Aria &#8220;Ah, perfido&#8221; Concerto, Piano, No.3, No.4, No.5 Concerto, Violin Coriolan Overture Egmont: Overture FIDELIO (s) Leonore Overture No.1, No.2, No.3 Symphony No.1, op.21 Symphony No.2, op.36 Symphony No.3, op.55 Symphony No.4, op.60 Symphony No.5, op.67 Symphony [&hellip;]<\/p>\n","protected":false},"author":1,"featured_media":0,"parent":0,"menu_order":0,"comment_status":"closed","ping_status":"closed","template":"elementor_header_footer","meta":{"footnotes":""},"class_list":["post-153","page","type-page","status-publish","hentry"],"_links":{"self":[{"href":"https:\/\/www.ussardiconductor.com\/index.php\/wp-json\/wp\/v2\/pages\/153","targetHints":{"allow":["GET"]}}],"collection":[{"href":"https:\/\/www.ussardiconductor.com\/index.php\/wp-json\/wp\/v2\/pages"}],"about":[{"href":"https:\/\/www.ussardiconductor.com\/index.php\/wp-json\/wp\/v2\/types\/page"}],"author":[{"embeddable":true,"href":"https:\/\/www.ussardiconductor.com\/index.php\/wp-json\/wp\/v2\/users\/1"}],"replies":[{"embeddable":true,"href":"https:\/\/www.ussardiconductor.com\/index.php\/wp-json\/wp\/v2\/comments?post=153"}],"version-history":[{"count":31,"href":"https:\/\/www.ussardiconductor.com\/index.php\/wp-json\/wp\/v2\/pages\/153\/revisions"}],"predecessor-version":[{"id":1419,"href":"https:\/\/www.ussardiconductor.com\/index.php\/wp-json\/wp\/v2\/pages\/153\/revisions\/1419"}],"wp:attachment":[{"href":"https:\/\/www.ussardiconductor.com\/index.php\/wp-json\/wp\/v2\/media?parent=153"}],"curies":[{"name":"wp","href":"https:\/\/api.w.org\/{rel}","templated":true}]}}